{"id":177,"date":"2021-07-09T14:07:00","date_gmt":"2021-07-09T12:07:00","guid":{"rendered":"https:\/\/wtxeurope.com\/?page_id=177"},"modified":"2022-11-08T11:20:37","modified_gmt":"2022-11-08T10:20:37","slug":"savoir-faire","status":"publish","type":"page","link":"https:\/\/wtxeurope.com\/?page_id=177","title":{"rendered":"Savoir-faire"},"content":{"rendered":"<p>[vc_section][vc_row][vc_column][vc_column_text el_class=&#8221;justify&#8221;]<\/p>\n<h2 style=\"text-align: center;\"><strong>Notre exp\u00e9rience\u00a0:<\/strong><\/h2>\n<p>Depuis plus de 50 ans, nous travaillons \u00e0 am\u00e9liorer sans cesse les pi\u00e8ces de vos v\u00e9hicules. Pour WTX la qualit\u00e9 et la performance sont essentielles. Nous tachons d\u2019am\u00e9liorer au quotidien nos processus de fabrication et notre exp\u00e9rience client. Notre savoir-faire est compartiment\u00e9 en 2 parties, la premi\u00e8re Wevista, qui traite la partie m\u00e9tal. La seconde Wecosta, qui elle travaille sur la partie plastique et fibres textiles.<strong>\u00a0<\/strong><\/p>\n<p style=\"text-align: center;\"><strong>L\u2019expertise Wevista<\/strong><\/p>\n<p>Depuis 1991, nous ma\u00eetrisons parfaitement le d\u00e9veloppement et la production de conduits d\u2019huiles, de circuits de refroidissement par eau, de conduits de recyclage des gaz d\u2019\u00e9chappement. Mais aussi des \u00e9changeurs gaz et eau, des conduits pour filtres \u00e0 particules. Pour d\u00e9velopper ses pi\u00e8ces, nos \u00e9quipes poss\u00e8dent plusieurs expertises m\u00e9tiers comme le fa\u00e7onnage, le cintrage, l\u2019hydroformage, le brasage, le soudage et l\u2019assemblage.<\/p>\n<p style=\"text-align: center;\"><strong>L\u2019expertise Wecosta<\/strong><\/p>\n<p>Depuis 1995, nous d\u00e9veloppons des conduits admission d\u2019air , des conduits de ventilation, et des conduits d\u2019insonorisation pour les v\u00e9hicules de nombreux constructeurs. Nous maitrisons parfaitement les techniques de thermocompression, d\u2019injection pi\u00e8ces plastiques, d\u2019assemblage (soudure, ultrason, collage) et d\u2019extrusion soufflage.[\/vc_column_text][\/vc_column][\/vc_row][vc_row][vc_column][vc_images_carousel images=&#8221;179,180,181,182&#8243; img_size=&#8221;large&#8221; speed=&#8221;2000&#8243; autoplay=&#8221;yes&#8221; hide_pagination_control=&#8221;yes&#8221; hide_prev_next_buttons=&#8221;yes&#8221; wrap=&#8221;yes&#8221; css=&#8221;.vc_custom_1635256187354{margin-left: 15% !important;}&#8221;][\/vc_column][\/vc_row][\/vc_section][vc_section][vc_row equal_height=&#8221;yes&#8221; content_placement=&#8221;middle&#8221;][vc_column width=&#8221;7\/12&#8243;][vc_column_text el_class=&#8221;justify&#8221;]<\/p>\n<h2 style=\"text-align: center;\">Nos Produits<\/h2>\n<h3 style=\"text-align: center;\"><strong>Nos produits Wevista\u00a0:\u00a0 <\/strong><\/h3>\n<p><strong>Les conduits du circuit de refroidissement des syst\u00e8mes \u00e9lectriques (batterie)<\/strong>, ces conduits fa\u00e7onn\u00e9s sont sertis sur les couvercles et boitiers des circuits de refroidissement.<\/p>\n<p><strong>Les conduits des syst\u00e8mes hydrog\u00e8nes, <\/strong>il s\u2019agit de tubes m\u00e9talliques cintr\u00e9s et r\u00e9sistants aux hautes pressions du circuit d\u2019alimentation en hydrog\u00e8ne-certification EC79.<\/p>\n<p><strong>Les conduits de retour d\u2019huile turbo<\/strong>, ces conduits assurent en continu le retour de l\u2019huile au carter cylindre. Ils sont constitu\u00e9s d\u2019un tube en inox a\u0300 paroi mince portant un ou plusieurs trains d\u2019ondes hydroforme\u0301es.<\/p>\n<p><strong>Les conduits d\u2019alimentation d\u2019huile turbo<\/strong>, ces conduits assurent en continu l\u2019alimentation en huile du palier du Turbo. Ils sont constitu\u00e9s d\u2019un tube en acier sans soudure.<\/p>\n<p><strong>Les conduits de refroidissement turbo, c<\/strong>es conduits permettent de refroidir le turbo avec du liquide de refroidissement. Ils sont constitu\u00e9s de tubes cintr\u00e9s en acier inoxydable.<\/p>\n<p><strong>Les conduits sortie d\u2019air turbo, l<\/strong>es conduits d\u2019air ont pour fonction de v\u00e9hiculer l\u2019air comprime\u0301 sorti du turbocompresseur jusqu\u2019a\u0300 l\u2019intercooler. Ils sont constitu\u00e9s d\u2019un tube inox a\u0300 paroi mince.<\/p>\n<p><strong>Les refroidisseurs EGR, <\/strong>ils sont destin\u00e9s a\u0300 refroidir les gaz d\u2019\u00e9chappement dans les circuits EGR. Ces \u00e9changeurs \u00e0 plaques, en acier inoxydable, dans lesquels circulent les gaz d\u2019\u00e9chappement et autour desquels circule l\u2019eau de refroidissement du moteur.<\/p>\n<p><strong>Les conduits de recirculation des gaz d\u2019\u00e9chappement. <\/strong>Ces conduits transf\u00e8rent une partie des gaz brul\u00e9s entre les diff\u00e9rents \u00e9l\u00e9ments (collecteur d\u2019\u00e9chappement, refroidisseur EGR, vanne EGR, r\u00e9partiteur d\u2019admission) du circuit de recirculation des gaz d\u2019\u00e9chappement. Ils sont constitu\u00e9s d\u2019un tube en inox a\u0300 paroi mince, portant un ou plusieurs trains d\u2019ondes hydroforme\u0301es.<\/p>\n<p><strong>Les tuyaux d\u2019eau, c<\/strong>es conduits sont utilis\u00e9s pour transporter le liquide de refroidissement. Le tube principal en acier est cintre\u0301.<\/p>\n<p><strong>Les tubes capteur de pression FAP, <\/strong>\u00a0ces conduits sont connect\u00e9s au filtre a\u0300 particules en amont et en aval, pour la mesure de pression et l\u2019indication du colmatage. Le tube est en inox cintre\u0301.<\/p>\n<p>[\/vc_column_text][\/vc_column][vc_column width=&#8221;5\/12&#8243;][vc_images_carousel images=&#8221;190,191,371,372&#8243; img_size=&#8221;full&#8221; onclick=&#8221;link_no&#8221; speed=&#8221;2000&#8243; autoplay=&#8221;yes&#8221; hide_pagination_control=&#8221;yes&#8221; hide_prev_next_buttons=&#8221;yes&#8221; wrap=&#8221;yes&#8221; css=&#8221;.vc_custom_1635256176195{margin-top: 25% !important;}&#8221;][\/vc_column][\/vc_row][\/vc_section][vc_section][vc_row][vc_column width=&#8221;7\/12&#8243;][vc_column_text]<\/p>\n<h3 style=\"text-align: center;\"><strong>Nos produits Wecosta :<\/strong><\/h3>\n<div style=\"text-align: justify;\">\n<p><strong>Les conduits acoustiques d\u2019admission d\u2019air, <\/strong>le\u00a0 \u00a0conduit\u00a0\u00a0 acoustique\u00a0\u00a0 d\u2019admission\u00a0\u00a0 d\u2019air\u00a0\u00a0 assure l\u2019alimentation\u00a0 en\u00a0 air\u00a0 frais\u00a0 du\u00a0 moteur\u00a0 jusqu\u2019au\u00a0 syst\u00e8me de filtration.\u00a0\u00a0\u00a0 Ses\u00a0\u00a0\u00a0 propri\u00e9t\u00e9s\u00a0\u00a0\u00a0 acoustiques\u00a0\u00a0\u00a0 d\u00e9coulent\u00a0\u00a0\u00a0 du caract\u00e8re\u00a0 fibreux\u00a0 de\u00a0 la\u00a0 mati\u00e8re.\u00a0 Le\u00a0 conduit\u00a0 est\u00a0 constitu\u00e9 essentiellement\u00a0 d\u2019un\u00a0 ruban\u00a0 de\u00a0 fibre\u00a0 polym\u00e8re\u00a0 non-tiss\u00e9. Ils apportent aussi une meilleure performance des v\u00e9hicules, gr\u00e2ce \u00e0 leur l\u00e9g\u00e8ret\u00e9.<\/p>\n<p><strong>Les conduits de ventilation, <\/strong>ces conduits permettent d\u2019amener l\u2019air du compresseur de climatisation, aux bouches d\u2019a\u00e9ration du v\u00e9hicule. Cela apporte un fort gain acoustique, pouvant aller jusqu\u2019\u00e0 10\u00a0 dB. Ils permettent \u00e9galement une meilleure \u00e9tanch\u00e9it\u00e9 aux bouches, et une r\u00e9duction du poids am\u00e9liorant la performance des v\u00e9hicules.<\/p>\n<p><strong>Les panneaux d\u2019insonorisation, <\/strong>ces panneaux sont plac\u00e9s dans le moteur ou l&#8217;habitacle des v\u00e9hicules, ainsi que dans les syst\u00e8mes de ventilation, afin de r\u00e9duire les bruits parasites. Ils sont constitu\u00e9s de fibres polym\u00e8res qui permettent d\u2019avoir une forte absorption acoustique.<\/p>\n<p>&nbsp;<\/p>\n<\/div>\n<p>[\/vc_column_text][\/vc_column][vc_column width=&#8221;5\/12&#8243;][vc_images_carousel images=&#8221;194,195,192,374,375&#8243; img_size=&#8221;full&#8221; speed=&#8221;2000&#8243; autoplay=&#8221;yes&#8221; hide_pagination_control=&#8221;yes&#8221; hide_prev_next_buttons=&#8221;yes&#8221; wrap=&#8221;yes&#8221;][\/vc_column][\/vc_row][vc_row][vc_column width=&#8221;5\/12&#8243;][vc_column_text el_class=&#8221;justify&#8221;]<\/p>\n<h2 style=\"text-align: center;\"><strong>Nos marques\u00a0: <\/strong><\/h2>\n<h3><strong>eHHo <\/strong><\/h3>\n<p><strong>Nous avons cr\u00e9\u00e9 la marque eHHo pour la commercialisation de nos produits acoustiques destin\u00e9s \u00e0 l\u2019habitat.<\/strong> L\u2019objectif d\u2019eHHo est d\u2019am\u00e9liorer au quotidien le confort du plus grand nombre, tout en privil\u00e9giant une d\u00e9marche \u00e9coresponsable. Pour cela nous commercialisons sur Amazon des produits du quotidien r\u00e9alis\u00e9s \u00e0 partir de textiles us\u00e9s, tels que des bacs de rangement ou des silencieux de VMC. eHHo r\u00e9pond \u00e0 un cahier des charges simple mais repr\u00e9sente un v\u00e9ritable d\u00e9fi technologique pour proposer des produits fabriqu\u00e9s en France, \u00e9conomiquement viable, 100% textiles afin de faciliter leur recyclage en fin de vie.<\/p>\n<p><strong>\u00a0<\/strong><strong>Nos produits eHHo\u00a0: <\/strong><\/p>\n<ul>\n<li>Le silencieux de VMC en deux diam\u00e8tres (80 et 125mm)<\/li>\n<li>Le bac de rangement en textiles recycl\u00e9s<\/li>\n<li>L&#8217;organiseur de tiroirs en bouteilles recycl\u00e9es<\/li>\n<\/ul>\n<p>&nbsp;<\/p>\n<h3><strong>WTX<\/strong><\/h3>\n<p><strong>Nous avons cr\u00e9\u00e9 la marque WTX pour la commercialisation de nos produits m\u00e9tal. <\/strong>L\u2019objectif de WTX est d\u2019am\u00e9liorer au quotidien le confort du plus grand nombre, tout en privil\u00e9giant une d\u00e9marche \u00e9coresponsable. Pour cela nous commercialisons sur Amazon des produits en m\u00e9tal du quotidien, tels que des pailles. WTX r\u00e9pond \u00e0 un cahier des charges simple mais repr\u00e9sente un v\u00e9ritable d\u00e9fi technologique pour proposer des produits fabriqu\u00e9s en France, \u00e9conomiquement viable, 100% m\u00e9tal et recyclables afin de faciliter leur recyclage en fin de vie.<\/p>\n<p><strong>\u00a0<\/strong><strong>Nos produits WTX : <\/strong><\/p>\n<ul>\n<li>Le lot de 6 pailles en m\u00e9tal<\/li>\n<li>Le lot de 12 pailles en m\u00e9tal<\/li>\n<li>Le lot de 100 pailles en m\u00e9tal<\/li>\n<\/ul>\n<p>[\/vc_column_text][\/vc_column][vc_column width=&#8221;7\/12&#8243;][vc_images_carousel images=&#8221;210,698,699,700,207&#8243; img_size=&#8221;full&#8221; speed=&#8221;2000&#8243; autoplay=&#8221;yes&#8221; hide_pagination_control=&#8221;yes&#8221; hide_prev_next_buttons=&#8221;yes&#8221; wrap=&#8221;yes&#8221;][vc_images_carousel images=&#8221;481,483,484&#8243; img_size=&#8221;650&#215;500&#8243; speed=&#8221;2000&#8243; autoplay=&#8221;yes&#8221; hide_pagination_control=&#8221;yes&#8221; hide_prev_next_buttons=&#8221;yes&#8221; wrap=&#8221;yes&#8221;][\/vc_column][\/vc_row][\/vc_section][vc_row][vc_column][vc_separator][\/vc_column][vc_column][\/vc_column][\/vc_row][vc_row equal_height=&#8221;yes&#8221;][vc_column width=&#8221;1\/3&#8243;][vc_single_image image=&#8221;474&#8243; img_size=&#8221;full&#8221; alignment=&#8221;center&#8221; onclick=&#8221;custom_link&#8221; link=&#8221;https:\/\/www.amazon.fr\/Silencieux-VMC-Mono-Double-Flux\/dp\/B08JH4KB56\/ref=sr_1_5?__mk_fr_FR=%C3%85M%C3%85%C5%BD%C3%95%C3%91&amp;crid=3TNG7BC2N30X5&amp;dchild=1&amp;keywords=silencieux+ehho&amp;qid=1635254407&amp;sprefix=silencieux+ehho%2Caps%2C288&amp;sr=8-5&#8243;][\/vc_column][vc_column width=&#8221;1\/3&#8243;][vc_single_image image=&#8221;473&#8243; img_size=&#8221;full&#8221; alignment=&#8221;center&#8221; onclick=&#8221;custom_link&#8221; link=&#8221;https:\/\/www.amazon.fr\/Silencieux-VMC-Mono-Double-Flux\/dp\/B08JH4KH63\/ref=sr_1_4?__mk_fr_FR=%C3%85M%C3%85%C5%BD%C3%95%C3%91&amp;crid=3TNG7BC2N30X5&amp;dchild=1&amp;keywords=silencieux+ehho&amp;qid=1635254383&amp;sprefix=silencieux+ehho%2Caps%2C288&amp;sr=8-4&#8243;][vc_single_image image=&#8221;467&#8243; img_size=&#8221;full&#8221; alignment=&#8221;center&#8221; onclick=&#8221;custom_link&#8221; link=&#8221;https:\/\/www.amazon.fr\/pailles-inox-pliables-100-recyclables\/dp\/B09GPMMCRQ\/ref=sr_1_3?__mk_fr_FR=%C3%85M%C3%85%C5%BD%C3%95%C3%91&amp;crid=3T5CLS36ZY5ZZ&amp;dchild=1&amp;keywords=6+pailles+ehho&amp;qid=1635254492&amp;sprefix=6+pailles+ehho%2Caps%2C95&amp;sr=8-3&#8243; css=&#8221;.vc_custom_1635254895462{padding-top: 30px !important;}&#8221;][\/vc_column][vc_column width=&#8221;1\/3&#8243;][vc_single_image image=&#8221;479&#8243; img_size=&#8221;full&#8221; alignment=&#8221;center&#8221; onclick=&#8221;custom_link&#8221; link=&#8221;https:\/\/www.amazon.fr\/Organiseur-tiroir-en-textiles-recycl%C3%A9s\/dp\/B09GPPRDX9\/ref=sr_1_13?__mk_fr_FR=%C3%85M%C3%85%C5%BD%C3%95%C3%91&amp;crid=3QYN8KY2XY8O5&amp;dchild=1&amp;keywords=organiseur+tiroir+ehho&amp;qid=1635254457&amp;sprefix=organiseur+tiroir+ehho%2Caps%2C81&amp;sr=8-13&#8243;][\/vc_column][\/vc_row]<\/p>\n","protected":false},"excerpt":{"rendered":"<p>[vc_section][vc_row][vc_column][vc_column_text el_class=&#8221;justify&#8221;] Notre exp\u00e9rience\u00a0: Depuis plus de 50 ans, nous travaillons \u00e0 am\u00e9liorer sans cesse les pi\u00e8ces de vos v\u00e9hicules. Pour WTX la qualit\u00e9 et la performance sont essentielles. Nous tachons d\u2019am\u00e9liorer au quotidien nos processus de fabrication et notre exp\u00e9rience client. Notre savoir-faire est compartiment\u00e9 en 2 parties, la premi\u00e8re Wevista, qui traite la &hellip; <a href=\"https:\/\/wtxeurope.com\/?page_id=177\" class=\"more-link\">Continue reading <span class=\"screen-reader-text\">Savoir-faire<\/span><\/a><\/p>\n","protected":false},"author":1,"featured_media":0,"parent":0,"menu_order":0,"comment_status":"closed","ping_status":"closed","template":"","meta":{"footnotes":""},"class_list":["post-177","page","type-page","status-publish","hentry"],"_links":{"self":[{"href":"https:\/\/wtxeurope.com\/index.php?rest_route=\/wp\/v2\/pages\/177","targetHints":{"allow":["GET"]}}],"collection":[{"href":"https:\/\/wtxeurope.com\/index.php?rest_route=\/wp\/v2\/pages"}],"about":[{"href":"https:\/\/wtxeurope.com\/index.php?rest_route=\/wp\/v2\/types\/page"}],"author":[{"embeddable":true,"href":"https:\/\/wtxeurope.com\/index.php?rest_route=\/wp\/v2\/users\/1"}],"replies":[{"embeddable":true,"href":"https:\/\/wtxeurope.com\/index.php?rest_route=%2Fwp%2Fv2%2Fcomments&post=177"}],"version-history":[{"count":49,"href":"https:\/\/wtxeurope.com\/index.php?rest_route=\/wp\/v2\/pages\/177\/revisions"}],"predecessor-version":[{"id":705,"href":"https:\/\/wtxeurope.com\/index.php?rest_route=\/wp\/v2\/pages\/177\/revisions\/705"}],"wp:attachment":[{"href":"https:\/\/wtxeurope.com\/index.php?rest_route=%2Fwp%2Fv2%2Fmedia&parent=177"}],"curies":[{"name":"wp","href":"https:\/\/api.w.org\/{rel}","templated":true}]}}