{"id":51,"date":"2021-07-05T15:26:02","date_gmt":"2021-07-05T13:26:02","guid":{"rendered":"https:\/\/wtxeurope.com\/?page_id=51"},"modified":"2023-01-20T11:08:09","modified_gmt":"2023-01-20T10:08:09","slug":"le-nouveau-e-mucem-ouvre-ses-portes-2","status":"publish","type":"page","link":"https:\/\/wtxeurope.com\/","title":{"rendered":"Accueil"},"content":{"rendered":"<p>[vc_section content_placement=&#8221;middle&#8221; el_id=&#8221;valeurs&#8221;][vc_row][vc_column][vc_column_text el_class=&#8221;justify&#8221;]<\/p>\n<h2 style=\"text-align: center;\">Notre raison d&#8217;\u00eatre<\/h2>\n<div style=\"text-align: justify;\">\n<p style=\"text-align: center;\"><strong>Contribuer au confort du consommateur en fabriquant des produits respectueux des Hommes et de la Plan\u00e8te.<\/strong><\/p>\n<p>Nous concevons et produisons des solutions acoustiques et thermiques l\u00e9g\u00e8res a\u0300 base de mat\u00e9riaux recycl\u00e9s ou recyclables. Nous transformons les contraintes de nos clients et des enjeux de demain en solutions innovantes et durables. Nous renfor\u00e7ons notre comp\u00e9titivit\u00e9 par notre utilit\u00e9. Nous continuerons a\u0300 d\u00e9velopper notre ancrage local et a\u0300 faire progresser nos collaborateurs, en favorisant la diversit\u00e9.<\/p><\/div>\n<p>[\/vc_column_text][\/vc_column][\/vc_row][vc_row tm_bgimage_position=&#8221;left_center&#8221; equal_height=&#8221;yes&#8221;][vc_column width=&#8221;2\/3&#8243;][vc_column_text el_class=&#8221;justify&#8221;]<\/p>\n<h2 style=\"text-align: center;\">Nos Valeurs :<\/h2>\n<p><strong>La qualit\u00e9<\/strong> anime notre quotidien, nous souhaitons que nos clients puissent avoir la meilleure qualit\u00e9 de produit possible entre leurs mains, la satisfaction client prime.<\/p>\n<p><strong>\u00c9coresponsabilit\u00e9,<\/strong> nous tachons de produire des produits enti\u00e8rement recyclables et travaillons au quotidien pour r\u00e9duire nos pertes en production et notre empreinte CO2.<\/p>\n<p><strong>Diversit\u00e9<\/strong>, chez WTX nous partons du principe que la diversit\u00e9 est source de cr\u00e9ativit\u00e9, et qu\u2019en travaillant ensemble, nous nous am\u00e9liorons sans cesse.<\/p>\n<p><strong>Innovation<\/strong>, innover en permanence pour \u00eatre toujours plus performant, et garantir \u00e0 nos clients les meilleurs r\u00e9sultats.<\/p>\n<p><strong>Solidarit\u00e9<\/strong>, nous travaillons en \u00e9quipe et sommes \u00e0 l\u2019\u00e9coute des besoins de nos clients, de nos fournisseurs et de nos collaborateurs, afin de pouvoir les aider et r\u00e9pondre au mieux\u00a0 \u00e0 leur demande.[\/vc_column_text][vc_column_text el_class=&#8221;justify&#8221;]<\/p>\n<h2 style=\"text-align: center;\">Nos m\u00e9tiers :<\/h2>\n<p style=\"text-align: justify;\">Expert dans la gestion des fluides et des conduits d\u2019insonorisation depuis plus de 50 ans, nous d\u00e9veloppons et concevons de nombreuses pi\u00e8ces en m\u00e9tal et en fibres polym\u00e8res pour l\u2019industrie automobile. Nous mettons aujourd\u2019hui notre savoir-faire au service du plus grand nombre. Notre savoir-faire industriel et technologique s\u2019am\u00e9liore sans cesse et nous mettons un point d\u2019honneur \u00e0 devenir une industrie 4.0. Les produits que nous concevons sont r\u00e9alis\u00e9s dans nos ateliers \u00e0 Roubaix mais sont distribu\u00e9s partout dans le monde gr\u00e2ce \u00e0 notre implantation et \u00e0 notre expertise en supply-chain. Nous d\u00e9veloppons nos produits de mani\u00e8re \u00e0 ce qu\u2019ils soient recyclables et \u00e0 r\u00e9duire nos pertes de production au maximum, afin de r\u00e9pondre toujours au mieux et de nous adapter aux besoins de nos clients, et de la soci\u00e9t\u00e9.<\/p>\n<p>[\/vc_column_text][\/vc_column][vc_column width=&#8221;1\/3&#8243;][vc_column_text el_id=&#8221;chiffres&#8221;]<\/p>\n<h2 style=\"text-align: center;\">Nous en quelques chiffres :<\/h2>\n<p>[\/vc_column_text]\n\n<div class=\"tm-fid inside tm-fid-with-icon tm-fid-view-righticon tm-fid-no-border vc_custom_1626333341504\">\n\t<div class=\"tm-fid-icon-wrapper\"><i class=\"fa fa-eur\"><\/i><\/div>\t<div class=\"tm-fld-contents\">\n\t\t<h4 class=\"tm-fid-inner\">\n\t\t\t\t\t\t<span\n\t\t\t\tdata-appear-animation = \"animateDigits\"\n\t\t\t\tdata-from             = \"0\"\n\t\t\t\tdata-to               = \"45\"\n\t\t\t\tdata-interval         = \"2\"\n\t\t\t\tdata-before           = \"\"\n\t\t\t\tdata-before-style     = \"sup\"\n\t\t\t\tdata-after            = \"Millions\"\n\t\t\t\tdata-after-style      = \"sup\"\n\t\t\t\t>\n\t\t\t\t\t45\t\t\t<\/span>\n\t\t\t<sup>Millions<\/sup>\t\t<\/h4>\n\t\t<h3 class=\"tm-fid-title\"><span>Chiffre d&#039;affaire<br><\/span><\/h3>\n\t<\/div><!-- .tm-fld-contents -->\n\t<\/div>\n\n\n\n\n\n<div class=\"tm-fid inside tm-fid-with-icon tm-fid-view-righticon tm-fid-no-border\">\n\t<div class=\"tm-fid-icon-wrapper\"><i class=\"fa fa-hourglass\"><\/i><\/div>\t<div class=\"tm-fld-contents\">\n\t\t<h4 class=\"tm-fid-inner\">\n\t\t\t\t\t\t<span\n\t\t\t\tdata-appear-animation = \"animateDigits\"\n\t\t\t\tdata-from             = \"0\"\n\t\t\t\tdata-to               = \"63\"\n\t\t\t\tdata-interval         = \"5\"\n\t\t\t\tdata-before           = \"\"\n\t\t\t\tdata-before-style     = \"sup\"\n\t\t\t\tdata-after            = \"\"\n\t\t\t\tdata-after-style      = \"sub\"\n\t\t\t\t>\n\t\t\t\t\t63\t\t\t<\/span>\n\t\t\t\t\t<\/h4>\n\t\t<h3 class=\"tm-fid-title\"><span>Ann\u00e9es d&#039;experience<br><\/span><\/h3>\n\t<\/div><!-- .tm-fld-contents -->\n\t<\/div>\n\n\n\n\n\n<div class=\"tm-fid inside tm-fid-with-icon tm-fid-view-righticon tm-fid-no-border\">\n\t<div class=\"tm-fid-icon-wrapper\"><i class=\"fa fa-users\"><\/i><\/div>\t<div class=\"tm-fld-contents\">\n\t\t<h4 class=\"tm-fid-inner\">\n\t\t\t\t\t\t<span\n\t\t\t\tdata-appear-animation = \"animateDigits\"\n\t\t\t\tdata-from             = \"0\"\n\t\t\t\tdata-to               = \"230\"\n\t\t\t\tdata-interval         = \"5\"\n\t\t\t\tdata-before           = \"\"\n\t\t\t\tdata-before-style     = \"sup\"\n\t\t\t\tdata-after            = \"\"\n\t\t\t\tdata-after-style      = \"sub\"\n\t\t\t\t>\n\t\t\t\t\t230\t\t\t<\/span>\n\t\t\t\t\t<\/h4>\n\t\t<h3 class=\"tm-fid-title\"><span>Collaborateurs<br><\/span><\/h3>\n\t<\/div><!-- .tm-fld-contents -->\n\t<\/div>\n\n\n\n[\/vc_column][\/vc_row][\/vc_section][vc_section content_placement=&#8221;middle&#8221; el_id=&#8221;historique&#8221;][vc_row css=&#8221;.vc_custom_1626351516149{margin-left: 13% !important;}&#8221;][vc_column][vc_column_text]<\/p>\n<h2 style=\"text-align: center;\">Historique :<\/h2>\n<p>[\/vc_column_text][vc_images_carousel images=&#8221;358,357,356,355&#8243; img_size=&#8221;full&#8221; onclick=&#8221;link_no&#8221; mode=&#8221;vertical&#8221; speed=&#8221;2000&#8243; autoplay=&#8221;yes&#8221; wrap=&#8221;yes&#8221; css=&#8221;.vc_custom_1669807726748{padding-right: 17% !important;padding-left: 13% !important;}&#8221;][\/vc_column][\/vc_row][\/vc_section][vc_section el_id=&#8221;monde&#8221;][vc_row][vc_column][vc_column_text el_class=&#8221;justify&#8221;]<\/p>\n<h2 style=\"text-align: center;\">Notre pr\u00e9sence mondiale\u00a0:<\/h2>\n<p>WTX Europe c\u2019est avant tout le savoir-faire fran\u00e7ais, qui rayonne \u00e0 l\u2019international gr\u00e2ce son appartenance au groupe Maruyasu Industries. Le Groupe Maruyasu Industries a r\u00e9alis\u00e9 un chiffre d\u2019affaires d\u2019un milliard deux cents millions d\u2019euros en 2020, et compte plus de 3200 collaborateurs, dont 230 sur le site de Roubaix.[\/vc_column_text][\/vc_column][\/vc_row][vc_row][vc_column][vc_gallery interval=&#8221;3&#8243; images=&#8221;422,423&#8243; img_size=&#8221;large&#8221;][\/vc_column][\/vc_row][\/vc_section][vc_section el_id=&#8221;equipe&#8221;][vc_row][vc_column][vc_column_text el_class=&#8221;justify&#8221;]<\/p>\n<h2 style=\"text-align: center;\"><strong>Notre \u00e9quipe\u00a0: <\/strong><\/h2>\n<p>Nos collaborateurs sont tous anim\u00e9s par la passion de contribuer au confort du consommateur, tout en fabriquant des produits respectueux des Hommes et de la plan\u00e8te. Tous travaillent ensemble sur chacun de vos projets, avec une discussion et une collaboration permanente des diff\u00e9rents m\u00e9tiers,\u00a0 pour vous garantir le meilleur r\u00e9sultat final.[\/vc_column_text][\/vc_column][\/vc_row][\/vc_section][vc_row][vc_column][vc_gallery interval=&#8221;3&#8243; images=&#8221;430,431,426,425,433,417,427&#8243; img_size=&#8221;large&#8221;][\/vc_column][\/vc_row][vc_row][vc_column][vc_column_text]<\/p>\n<h2 style=\"text-align: center;\">La RSE au c\u0153ur de notre quotidien<\/h2>\n<p style=\"text-align: left;\">Nous sommes une industrie impliqu\u00e9e dans la RSE, pour toutes nos parties prenantes. Nous tachons au quotidien d&#8217;am\u00e9liorer nos actions RSE qui se regroupent autour de cette roue.<\/p>\n<p>&nbsp;[\/vc_column_text][vc_single_image image=&#8221;752&#8243; img_size=&#8221;large&#8221; alignment=&#8221;center&#8221;][\/vc_column][\/vc_row]<\/p>\n","protected":false},"excerpt":{"rendered":"<p>[vc_section content_placement=&#8221;middle&#8221; el_id=&#8221;valeurs&#8221;][vc_row][vc_column][vc_column_text el_class=&#8221;justify&#8221;] Notre raison d&#8217;\u00eatre Contribuer au confort du consommateur en fabriquant des produits respectueux des Hommes et de la Plan\u00e8te. Nous concevons et produisons des solutions acoustiques et thermiques l\u00e9g\u00e8res a\u0300 base de mat\u00e9riaux recycl\u00e9s ou recyclables. Nous transformons les contraintes de nos clients et des enjeux de demain en solutions innovantes &hellip; <a href=\"https:\/\/wtxeurope.com\/\" class=\"more-link\">Continue reading <span class=\"screen-reader-text\">Accueil<\/span><\/a><\/p>\n","protected":false},"author":1,"featured_media":0,"parent":0,"menu_order":0,"comment_status":"closed","ping_status":"closed","template":"","meta":{"footnotes":""},"class_list":["post-51","page","type-page","status-publish","hentry"],"_links":{"self":[{"href":"https:\/\/wtxeurope.com\/index.php?rest_route=\/wp\/v2\/pages\/51","targetHints":{"allow":["GET"]}}],"collection":[{"href":"https:\/\/wtxeurope.com\/index.php?rest_route=\/wp\/v2\/pages"}],"about":[{"href":"https:\/\/wtxeurope.com\/index.php?rest_route=\/wp\/v2\/types\/page"}],"author":[{"embeddable":true,"href":"https:\/\/wtxeurope.com\/index.php?rest_route=\/wp\/v2\/users\/1"}],"replies":[{"embeddable":true,"href":"https:\/\/wtxeurope.com\/index.php?rest_route=%2Fwp%2Fv2%2Fcomments&post=51"}],"version-history":[{"count":99,"href":"https:\/\/wtxeurope.com\/index.php?rest_route=\/wp\/v2\/pages\/51\/revisions"}],"predecessor-version":[{"id":753,"href":"https:\/\/wtxeurope.com\/index.php?rest_route=\/wp\/v2\/pages\/51\/revisions\/753"}],"wp:attachment":[{"href":"https:\/\/wtxeurope.com\/index.php?rest_route=%2Fwp%2Fv2%2Fmedia&parent=51"}],"curies":[{"name":"wp","href":"https:\/\/api.w.org\/{rel}","templated":true}]}}